{"id":1748,"date":"2025-11-20T14:03:47","date_gmt":"2025-11-20T14:03:47","guid":{"rendered":"https:\/\/panonia.cl\/?page_id=1748"},"modified":"2026-01-22T12:31:53","modified_gmt":"2026-01-22T12:31:53","slug":"socio-panonia","status":"publish","type":"page","link":"https:\/\/panonia.cl\/index.php\/socio-panonia\/","title":{"rendered":"Socio Panonia"},"content":{"rendered":"\t\t<div data-elementor-type=\"wp-page\" data-elementor-id=\"1748\" class=\"elementor elementor-1748\">\n\t\t\t\t<div class=\"elementor-element elementor-element-b96c4cb e-flex e-con-boxed wpr-particle-no wpr-jarallax-no wpr-parallax-no wpr-sticky-section-no e-con e-parent\" data-id=\"b96c4cb\" data-element_type=\"container\">\n\t\t\t\t\t<div class=\"e-con-inner\">\n\t\t<div class=\"elementor-element elementor-element-27b8dce e-flex e-con-boxed wpr-particle-no wpr-jarallax-no wpr-parallax-no wpr-sticky-section-no e-con e-child\" data-id=\"27b8dce\" data-element_type=\"container\">\n\t\t\t\t\t<div class=\"e-con-inner\">\n\t\t\t\t<div class=\"elementor-element elementor-element-e55f295 elementor-widget elementor-widget-heading\" data-id=\"e55f295\" data-element_type=\"widget\" data-widget_type=\"heading.default\">\n\t\t\t\t<div class=\"elementor-widget-container\">\n\t\t\t\t\t<h2 class=\"elementor-heading-title elementor-size-default\">Envia tu receta magistral<\/h2>\t\t\t\t<\/div>\n\t\t\t\t<\/div>\n\t\t\t\t<div class=\"elementor-element elementor-element-3d8e80c elementor-widget elementor-widget-text-editor\" data-id=\"3d8e80c\" data-element_type=\"widget\" data-widget_type=\"text-editor.default\">\n\t\t\t\t<div class=\"elementor-widget-container\">\n\t\t\t\t\t\t\t\t\t<p>En caso de ser necesario receta retenida o cheque, se puede coordinar retiro, en cuyo caso se debe entregar la receta en ese momento.<\/p>\t\t\t\t\t\t\t\t<\/div>\n\t\t\t\t<\/div>\n\t\t\t\t<div class=\"elementor-element elementor-element-d126057 elementor-widget elementor-widget-text-editor\" data-id=\"d126057\" data-element_type=\"widget\" data-widget_type=\"text-editor.default\">\n\t\t\t\t<div class=\"elementor-widget-container\">\n\t\t\t\t\t\t\t\t\t<p><em><strong>Escr\u00edbenos a <span style=\"text-decoration: underline;\"><a href=\"mailto:contacto@panonia.cl\">contacto@panonia.cl.<\/a><\/span> <\/strong><\/em><em><strong>El tiempo de respuesta es de 24 a 72 hrs.<\/strong><\/em><\/p>\t\t\t\t\t\t\t\t<\/div>\n\t\t\t\t<\/div>\n\t\t\t\t\t<\/div>\n\t\t\t\t<\/div>\n\t\t\t\t\t<\/div>\n\t\t\t\t<\/div>\n\t\t<div class=\"elementor-element elementor-element-03a7d11 e-flex e-con-boxed wpr-particle-no wpr-jarallax-no wpr-parallax-no wpr-sticky-section-no e-con e-parent\" data-id=\"03a7d11\" data-element_type=\"container\">\n\t\t\t\t\t<div class=\"e-con-inner\">\n\t\t<div class=\"elementor-element elementor-element-2be839f e-con-full e-flex wpr-particle-no wpr-jarallax-no wpr-parallax-no wpr-sticky-section-no e-con e-child\" data-id=\"2be839f\" data-element_type=\"container\" data-settings=\"{&quot;background_background&quot;:&quot;classic&quot;}\">\n\t\t\t\t<div class=\"elementor-element elementor-element-df207fe elementor-widget__width-initial elementor-widget elementor-widget-heading\" data-id=\"df207fe\" data-element_type=\"widget\" data-widget_type=\"heading.default\">\n\t\t\t\t<div class=\"elementor-widget-container\">\n\t\t\t\t\t<h2 class=\"elementor-heading-title elementor-size-default\">\u00bfTienes Dudas?<\/h2>\t\t\t\t<\/div>\n\t\t\t\t<\/div>\n\t\t\t\t<div class=\"elementor-element elementor-element-141861c elementor-widget__width-initial elementor-view-default elementor-position-block-start elementor-mobile-position-block-start elementor-widget elementor-widget-icon-box\" data-id=\"141861c\" data-element_type=\"widget\" data-widget_type=\"icon-box.default\">\n\t\t\t\t<div class=\"elementor-widget-container\">\n\t\t\t\t\t\t\t<div class=\"elementor-icon-box-wrapper\">\n\n\t\t\t\t\t\t<div class=\"elementor-icon-box-icon\">\n\t\t\t\t<a href=\"mailto:contacto@panonia.cl\" class=\"elementor-icon\" tabindex=\"-1\" aria-label=\"Tel\u00e9fono\">\n\t\t\t\t<svg aria-hidden=\"true\" class=\"e-font-icon-svg e-fas-phone-alt\" viewBox=\"0 0 512 512\" xmlns=\"http:\/\/www.w3.org\/2000\/svg\"><path d=\"M497.39 361.8l-112-48a24 24 0 0 0-28 6.9l-49.6 60.6A370.66 370.66 0 0 1 130.6 204.11l60.6-49.6a23.94 23.94 0 0 0 6.9-28l-48-112A24.16 24.16 0 0 0 122.6.61l-104 24A24 24 0 0 0 0 48c0 256.5 207.9 464 464 464a24 24 0 0 0 23.4-18.6l24-104a24.29 24.29 0 0 0-14.01-27.6z\"><\/path><\/svg>\t\t\t\t<\/a>\n\t\t\t<\/div>\n\t\t\t\n\t\t\t\t\t\t<div class=\"elementor-icon-box-content\">\n\n\t\t\t\t\t\t\t\t\t<h3 class=\"elementor-icon-box-title\">\n\t\t\t\t\t\t<a href=\"mailto:contacto@panonia.cl\" >\n\t\t\t\t\t\t\tTel\u00e9fono\t\t\t\t\t\t<\/a>\n\t\t\t\t\t<\/h3>\n\t\t\t\t\n\t\t\t\t\t\t\t\t\t<p class=\"elementor-icon-box-description\">\n\t\t\t\t\t\t+56 2 2236 3761\t\t\t\t\t<\/p>\n\t\t\t\t\n\t\t\t<\/div>\n\t\t\t\n\t\t<\/div>\n\t\t\t\t\t\t<\/div>\n\t\t\t\t<\/div>\n\t\t\t\t<div class=\"elementor-element elementor-element-90e404b elementor-widget__width-initial elementor-view-default elementor-position-block-start elementor-mobile-position-block-start elementor-widget elementor-widget-icon-box\" data-id=\"90e404b\" data-element_type=\"widget\" data-widget_type=\"icon-box.default\">\n\t\t\t\t<div class=\"elementor-widget-container\">\n\t\t\t\t\t\t\t<div class=\"elementor-icon-box-wrapper\">\n\n\t\t\t\t\t\t<div class=\"elementor-icon-box-icon\">\n\t\t\t\t<a href=\"mailto:contacto@panonia.cl\" class=\"elementor-icon\" tabindex=\"-1\" aria-label=\"Email\">\n\t\t\t\t<svg aria-hidden=\"true\" class=\"e-font-icon-svg e-far-envelope\" viewBox=\"0 0 512 512\" xmlns=\"http:\/\/www.w3.org\/2000\/svg\"><path d=\"M464 64H48C21.49 64 0 85.49 0 112v288c0 26.51 21.49 48 48 48h416c26.51 0 48-21.49 48-48V112c0-26.51-21.49-48-48-48zm0 48v40.805c-22.422 18.259-58.168 46.651-134.587 106.49-16.841 13.247-50.201 45.072-73.413 44.701-23.208.375-56.579-31.459-73.413-44.701C106.18 199.465 70.425 171.067 48 152.805V112h416zM48 400V214.398c22.914 18.251 55.409 43.862 104.938 82.646 21.857 17.205 60.134 55.186 103.062 54.955 42.717.231 80.509-37.199 103.053-54.947 49.528-38.783 82.032-64.401 104.947-82.653V400H48z\"><\/path><\/svg>\t\t\t\t<\/a>\n\t\t\t<\/div>\n\t\t\t\n\t\t\t\t\t\t<div class=\"elementor-icon-box-content\">\n\n\t\t\t\t\t\t\t\t\t<h3 class=\"elementor-icon-box-title\">\n\t\t\t\t\t\t<a href=\"mailto:contacto@panonia.cl\" >\n\t\t\t\t\t\t\tEmail\t\t\t\t\t\t<\/a>\n\t\t\t\t\t<\/h3>\n\t\t\t\t\n\t\t\t\t\t\t\t\t\t<p class=\"elementor-icon-box-description\">\n\t\t\t\t\t\tcontacto@panonia.cl\t\t\t\t\t<\/p>\n\t\t\t\t\n\t\t\t<\/div>\n\t\t\t\n\t\t<\/div>\n\t\t\t\t\t\t<\/div>\n\t\t\t\t<\/div>\n\t\t\t\t<div class=\"elementor-element elementor-element-9c1b8e3 elementor-widget__width-initial elementor-view-default elementor-position-block-start elementor-mobile-position-block-start elementor-widget elementor-widget-icon-box\" data-id=\"9c1b8e3\" data-element_type=\"widget\" data-widget_type=\"icon-box.default\">\n\t\t\t\t<div class=\"elementor-widget-container\">\n\t\t\t\t\t\t\t<div class=\"elementor-icon-box-wrapper\">\n\n\t\t\t\t\t\t<div class=\"elementor-icon-box-icon\">\n\t\t\t\t<span  class=\"elementor-icon\">\n\t\t\t\t<svg aria-hidden=\"true\" class=\"e-font-icon-svg e-far-clock\" viewBox=\"0 0 512 512\" xmlns=\"http:\/\/www.w3.org\/2000\/svg\"><path d=\"M256 8C119 8 8 119 8 256s111 248 248 248 248-111 248-248S393 8 256 8zm0 448c-110.5 0-200-89.5-200-200S145.5 56 256 56s200 89.5 200 200-89.5 200-200 200zm61.8-104.4l-84.9-61.7c-3.1-2.3-4.9-5.9-4.9-9.7V116c0-6.6 5.4-12 12-12h32c6.6 0 12 5.4 12 12v141.7l66.8 48.6c5.4 3.9 6.5 11.4 2.6 16.8L334.6 349c-3.9 5.3-11.4 6.5-16.8 2.6z\"><\/path><\/svg>\t\t\t\t<\/span>\n\t\t\t<\/div>\n\t\t\t\n\t\t\t\t\t\t<div class=\"elementor-icon-box-content\">\n\n\t\t\t\t\t\t\t\t\t<h3 class=\"elementor-icon-box-title\">\n\t\t\t\t\t\t<span  >\n\t\t\t\t\t\t\tHorario de atenci\u00f3n\t\t\t\t\t\t<\/span>\n\t\t\t\t\t<\/h3>\n\t\t\t\t\n\t\t\t\t\t\t\t\t\t<p class=\"elementor-icon-box-description\">\n\t\t\t\t\t\tLunes a Viernes: 09:00 - 19:00 hrs.<br>\nS\u00e1bados, Domingos y festivos: Cerrados.<br>\t\t\t\t\t<\/p>\n\t\t\t\t\n\t\t\t<\/div>\n\t\t\t\n\t\t<\/div>\n\t\t\t\t\t\t<\/div>\n\t\t\t\t<\/div>\n\t\t\t\t<\/div>\n\t\t\t\t\t<\/div>\n\t\t\t\t<\/div>\n\t\t\t\t<\/div>\n\t\t","protected":false},"excerpt":{"rendered":"<p>Envia tu receta magistral En caso de ser necesario receta retenida o cheque, se puede coordinar retiro, en cuyo caso se debe entregar la receta en ese momento. Escr\u00edbenos a contacto@panonia.cl. El tiempo de respuesta es de 24 a 72 hrs. \u00bfTienes Dudas? Tel\u00e9fono +56 2 2236 3761 Email contacto@panonia.cl Horario de atenci\u00f3n Lunes a Viernes: 09:00 &#8211; 19:00 hrs. S\u00e1bados, Domingos y festivos: Cerrados.<\/p>\n","protected":false},"author":1,"featured_media":0,"parent":0,"menu_order":0,"comment_status":"closed","ping_status":"closed","template":"","meta":{"footnotes":""},"class_list":["post-1748","page","type-page","status-publish","hentry"],"blocksy_meta":{"has_hero_section":"disabled","vertical_spacing_source":"custom","content_area_spacing":"none","styles_descriptor":{"styles":{"desktop":"","tablet":"","mobile":""},"google_fonts":[],"version":6}},"yoast_head":"<!-- This site is optimized with the Yoast SEO plugin v26.8 - https:\/\/yoast.com\/product\/yoast-seo-wordpress\/ -->\n<title>Socio Panonia - Farmacia Panonia Chile<\/title>\n<meta name=\"robots\" content=\"index, follow, max-snippet:-1, max-image-preview:large, max-video-preview:-1\" \/>\n<link rel=\"canonical\" href=\"https:\/\/panonia.cl\/index.php\/socio-panonia\/\" \/>\n<meta property=\"og:locale\" content=\"es_ES\" \/>\n<meta property=\"og:type\" content=\"article\" \/>\n<meta property=\"og:title\" content=\"Socio Panonia - Farmacia Panonia Chile\" \/>\n<meta property=\"og:description\" content=\"Envia tu receta magistral En caso de ser necesario receta retenida o cheque, se puede coordinar retiro, en cuyo caso se debe entregar la receta en ese momento. Escr\u00edbenos a contacto@panonia.cl. El tiempo de respuesta es de 24 a 72 hrs. \u00bfTienes Dudas? Tel\u00e9fono +56 2 2236 3761 Email contacto@panonia.cl Horario de atenci\u00f3n Lunes a Viernes: 09:00 &#8211; 19:00 hrs. S\u00e1bados, Domingos y festivos: Cerrados.\" \/>\n<meta property=\"og:url\" content=\"https:\/\/panonia.cl\/index.php\/socio-panonia\/\" \/>\n<meta property=\"og:site_name\" content=\"Farmacia Panonia Chile\" \/>\n<meta property=\"article:modified_time\" content=\"2026-01-22T12:31:53+00:00\" \/>\n<meta name=\"twitter:card\" content=\"summary_large_image\" \/>\n<meta name=\"twitter:label1\" content=\"Tiempo de lectura\" \/>\n\t<meta name=\"twitter:data1\" content=\"1 minuto\" \/>\n<script type=\"application\/ld+json\" class=\"yoast-schema-graph\">{\"@context\":\"https:\/\/schema.org\",\"@graph\":[{\"@type\":\"WebPage\",\"@id\":\"https:\/\/panonia.cl\/index.php\/socio-panonia\/\",\"url\":\"https:\/\/panonia.cl\/index.php\/socio-panonia\/\",\"name\":\"Socio Panonia - Farmacia Panonia Chile\",\"isPartOf\":{\"@id\":\"https:\/\/panonia.cl\/#website\"},\"datePublished\":\"2025-11-20T14:03:47+00:00\",\"dateModified\":\"2026-01-22T12:31:53+00:00\",\"breadcrumb\":{\"@id\":\"https:\/\/panonia.cl\/index.php\/socio-panonia\/#breadcrumb\"},\"inLanguage\":\"es\",\"potentialAction\":[{\"@type\":\"ReadAction\",\"target\":[\"https:\/\/panonia.cl\/index.php\/socio-panonia\/\"]}]},{\"@type\":\"BreadcrumbList\",\"@id\":\"https:\/\/panonia.cl\/index.php\/socio-panonia\/#breadcrumb\",\"itemListElement\":[{\"@type\":\"ListItem\",\"position\":1,\"name\":\"Portada\",\"item\":\"https:\/\/panonia.cl\/\"},{\"@type\":\"ListItem\",\"position\":2,\"name\":\"Socio Panonia\"}]},{\"@type\":\"WebSite\",\"@id\":\"https:\/\/panonia.cl\/#website\",\"url\":\"https:\/\/panonia.cl\/\",\"name\":\"Farmacia Panonia Chile\",\"description\":\"Receta Magistral\",\"publisher\":{\"@id\":\"https:\/\/panonia.cl\/#organization\"},\"potentialAction\":[{\"@type\":\"SearchAction\",\"target\":{\"@type\":\"EntryPoint\",\"urlTemplate\":\"https:\/\/panonia.cl\/?s={search_term_string}\"},\"query-input\":{\"@type\":\"PropertyValueSpecification\",\"valueRequired\":true,\"valueName\":\"search_term_string\"}}],\"inLanguage\":\"es\"},{\"@type\":\"Organization\",\"@id\":\"https:\/\/panonia.cl\/#organization\",\"name\":\"Farmacia Panonia Chile\",\"url\":\"https:\/\/panonia.cl\/\",\"logo\":{\"@type\":\"ImageObject\",\"inLanguage\":\"es\",\"@id\":\"https:\/\/panonia.cl\/#\/schema\/logo\/image\/\",\"url\":\"https:\/\/panonia.cl\/wp-content\/uploads\/2024\/04\/Panonialogo-152px.png\",\"contentUrl\":\"https:\/\/panonia.cl\/wp-content\/uploads\/2024\/04\/Panonialogo-152px.png\",\"width\":666,\"height\":152,\"caption\":\"Farmacia Panonia Chile\"},\"image\":{\"@id\":\"https:\/\/panonia.cl\/#\/schema\/logo\/image\/\"}}]}<\/script>\n<!-- \/ Yoast SEO plugin. -->","yoast_head_json":{"title":"Socio Panonia - Farmacia Panonia Chile","robots":{"index":"index","follow":"follow","max-snippet":"max-snippet:-1","max-image-preview":"max-image-preview:large","max-video-preview":"max-video-preview:-1"},"canonical":"https:\/\/panonia.cl\/index.php\/socio-panonia\/","og_locale":"es_ES","og_type":"article","og_title":"Socio Panonia - Farmacia Panonia Chile","og_description":"Envia tu receta magistral En caso de ser necesario receta retenida o cheque, se puede coordinar retiro, en cuyo caso se debe entregar la receta en ese momento. Escr\u00edbenos a contacto@panonia.cl. El tiempo de respuesta es de 24 a 72 hrs. \u00bfTienes Dudas? Tel\u00e9fono +56 2 2236 3761 Email contacto@panonia.cl Horario de atenci\u00f3n Lunes a Viernes: 09:00 &#8211; 19:00 hrs. S\u00e1bados, Domingos y festivos: Cerrados.","og_url":"https:\/\/panonia.cl\/index.php\/socio-panonia\/","og_site_name":"Farmacia Panonia Chile","article_modified_time":"2026-01-22T12:31:53+00:00","twitter_card":"summary_large_image","twitter_misc":{"Tiempo de lectura":"1 minuto"},"schema":{"@context":"https:\/\/schema.org","@graph":[{"@type":"WebPage","@id":"https:\/\/panonia.cl\/index.php\/socio-panonia\/","url":"https:\/\/panonia.cl\/index.php\/socio-panonia\/","name":"Socio Panonia - Farmacia Panonia Chile","isPartOf":{"@id":"https:\/\/panonia.cl\/#website"},"datePublished":"2025-11-20T14:03:47+00:00","dateModified":"2026-01-22T12:31:53+00:00","breadcrumb":{"@id":"https:\/\/panonia.cl\/index.php\/socio-panonia\/#breadcrumb"},"inLanguage":"es","potentialAction":[{"@type":"ReadAction","target":["https:\/\/panonia.cl\/index.php\/socio-panonia\/"]}]},{"@type":"BreadcrumbList","@id":"https:\/\/panonia.cl\/index.php\/socio-panonia\/#breadcrumb","itemListElement":[{"@type":"ListItem","position":1,"name":"Portada","item":"https:\/\/panonia.cl\/"},{"@type":"ListItem","position":2,"name":"Socio Panonia"}]},{"@type":"WebSite","@id":"https:\/\/panonia.cl\/#website","url":"https:\/\/panonia.cl\/","name":"Farmacia Panonia Chile","description":"Receta Magistral","publisher":{"@id":"https:\/\/panonia.cl\/#organization"},"potentialAction":[{"@type":"SearchAction","target":{"@type":"EntryPoint","urlTemplate":"https:\/\/panonia.cl\/?s={search_term_string}"},"query-input":{"@type":"PropertyValueSpecification","valueRequired":true,"valueName":"search_term_string"}}],"inLanguage":"es"},{"@type":"Organization","@id":"https:\/\/panonia.cl\/#organization","name":"Farmacia Panonia Chile","url":"https:\/\/panonia.cl\/","logo":{"@type":"ImageObject","inLanguage":"es","@id":"https:\/\/panonia.cl\/#\/schema\/logo\/image\/","url":"https:\/\/panonia.cl\/wp-content\/uploads\/2024\/04\/Panonialogo-152px.png","contentUrl":"https:\/\/panonia.cl\/wp-content\/uploads\/2024\/04\/Panonialogo-152px.png","width":666,"height":152,"caption":"Farmacia Panonia Chile"},"image":{"@id":"https:\/\/panonia.cl\/#\/schema\/logo\/image\/"}}]}},"_links":{"self":[{"href":"https:\/\/panonia.cl\/index.php\/wp-json\/wp\/v2\/pages\/1748","targetHints":{"allow":["GET"]}}],"collection":[{"href":"https:\/\/panonia.cl\/index.php\/wp-json\/wp\/v2\/pages"}],"about":[{"href":"https:\/\/panonia.cl\/index.php\/wp-json\/wp\/v2\/types\/page"}],"author":[{"embeddable":true,"href":"https:\/\/panonia.cl\/index.php\/wp-json\/wp\/v2\/users\/1"}],"replies":[{"embeddable":true,"href":"https:\/\/panonia.cl\/index.php\/wp-json\/wp\/v2\/comments?post=1748"}],"version-history":[{"count":5,"href":"https:\/\/panonia.cl\/index.php\/wp-json\/wp\/v2\/pages\/1748\/revisions"}],"predecessor-version":[{"id":1820,"href":"https:\/\/panonia.cl\/index.php\/wp-json\/wp\/v2\/pages\/1748\/revisions\/1820"}],"wp:attachment":[{"href":"https:\/\/panonia.cl\/index.php\/wp-json\/wp\/v2\/media?parent=1748"}],"curies":[{"name":"wp","href":"https:\/\/api.w.org\/{rel}","templated":true}]}}